{"id":27,"date":"2008-06-20T22:58:31","date_gmt":"2008-06-20T22:58:31","guid":{"rendered":"http:\/\/mohamy.wordpress.com\/?page_id=26"},"modified":"2008-06-20T22:58:31","modified_gmt":"2008-06-20T22:58:31","slug":"biographie","status":"publish","type":"page","link":"https:\/\/mshrf.com\/mohamy\/biographie\/","title":{"rendered":"Biographie"},"content":{"rendered":"<p class=\"MsoNormal\" style=\"direction:ltr;text-indent:-18pt;unicode-bidi:embed;text-align:left;margin:0 0 10pt 36pt;\"><span style=\"font-size:14pt;line-height:115%;\" lang=\"FR\"><span>1.<span style=\"font:7pt;\">   <\/span><\/span><\/span><span style=\"font-size:14pt;line-height:115%;\" lang=\"FR\">Avocat chevronn\u00e9 et agr\u00e9er<span>  <\/span>depuis 1991<\/span><\/p>\n<p class=\"MsoNormal\" style=\"direction:ltr;text-indent:-18pt;line-height:15.6pt;unicode-bidi:embed;text-align:left;margin:0 0 10pt 36pt;\"><span style=\"font-size:14pt;\" lang=\"FR\"><span>2.<span style=\"font:7pt;\">   <\/span><\/span><\/span><span style=\"font-size:14pt;\" lang=\"FR\">Membre du barreau \u00e9gyptien<\/span><\/p>\n<p class=\"MsoNormal\" style=\"direction:ltr;text-indent:-18pt;unicode-bidi:embed;text-align:left;margin:0 0 10pt 36pt;\"><span style=\"font-size:14pt;line-height:115%;\" lang=\"FR\"><span>3.<span style=\"font:7pt;\">   <\/span><\/span><\/span><span style=\"font-size:14pt;line-height:115%;\" lang=\"FR\">Membre de la F\u00e9d\u00e9ration des avocats arabes<\/span><\/p>\n<p class=\"MsoNormal\" style=\"direction:ltr;text-indent:-18pt;line-height:15.6pt;unicode-bidi:embed;text-align:left;margin:0 0 10pt 36pt;\"><span style=\"font-size:14pt;\" lang=\"FR\"><span>4.<span style=\"font:7pt;\">   <\/span><\/span><\/span><span style=\"font-size:14pt;\" lang=\"FR\">Une<span>  <\/span>ma\u00eetrise<span>  <\/span>total de l\u2019outil d\u2019informatique traite pleinement avec tous les logiciels professionnels tels que les diff\u00e9rents syst\u00e8mes d\u2019exploitation Windows et Linux en toutes leurs publications ; <\/span><span style=\"font-size:14pt;\" lang=\"FR\"><span> <\/span>tout les programme Office<span>  <\/span>comme WinWord , Excel, Power point , Access , ainsi que des programmes con\u00e7us sites Web &#8211; et de programmation BASIC<\/span><\/p>\n<p class=\"MsoNormal\" style=\"direction:ltr;text-indent:-18pt;line-height:15.6pt;unicode-bidi:embed;text-align:left;margin:0 0 10pt 36pt;\"><span style=\"font-size:14pt;\" lang=\"FR\"><span>5.<span style=\"font:7pt;\">   <\/span><\/span><\/span><span style=\"font-size:14pt;\" lang=\"FR\">Avocat<span>  <\/span>agr\u00e9er \u00e0 la Cour d\u2019appel, et le Haut Conseil d&#8217;Etat en fonction des diff\u00e9rents degr\u00e9s de restriction dans la Bar d\u2019Association d\u2019avocat.<\/span><\/p>\n<p class=\"MsoNormal\" style=\"direction:ltr;text-indent:-18pt;line-height:15.6pt;unicode-bidi:embed;text-align:left;margin:0 0 10pt 36pt;\"><span style=\"font-size:14pt;\" lang=\"FR\"><span>6.<span style=\"font:7pt;\">   <\/span><\/span><\/span><span style=\"font-size:14pt;\" lang=\"FR\">J\u2019ai fais mon stage de deux ans<span>  <\/span>apr\u00e8s avoir obtenu mon dipl\u00f4me dans les bureaux d&#8217;avocats chevronn\u00e9s.<\/span><\/p>\n<p class=\"MsoNormal\" style=\"direction:ltr;text-indent:-18pt;line-height:15.6pt;unicode-bidi:embed;text-align:left;margin:0 0 10pt 36pt;\"><span style=\"font-size:14pt;\" lang=\"FR\"><span>7.<span style=\"font:7pt;\">   <\/span><\/span><\/span><span style=\"font-size:14pt;\" lang=\"FR\">J\u2019ai ouvert Mon sp\u00e9cial bureaux<span>  <\/span>(Bureau consultatif pour les pays arabes et la d\u00e9fense du droit avocat Ashraf Musharraf avocats et conseillers) depuis<span>  <\/span>1993 jusqu&#8217;\u00e0 maintenant<span>  <\/span>j\u2019ai lanc\u00e9 \u00e0 travers ses ann\u00e9e toutes sortes d&#8217;affaires civiles, commerciales et juridiques et p\u00e9nales ainsi que<span>  <\/span>beaucoup de consultations \u00e0 diff\u00e9rents aspects juridiques.<\/span><\/p>\n<p class=\"MsoNormal\" style=\"direction:ltr;text-indent:-18pt;line-height:15.6pt;unicode-bidi:embed;text-align:left;margin:0 0 10pt 36pt;\"><span style=\"font-size:14pt;\" lang=\"FR\"><span>8.<span style=\"font:7pt;\">   <\/span><\/span><\/span><span style=\"font-size:14pt;\" lang=\"FR\">Enregistr\u00e9 aupr\u00e8s de nombreux sites sur l&#8217;Internet des conseils juridiques et des services consultatifs juridiques fournis par l\u2019Internet.<\/span><\/p>\n<p class=\"MsoNormal\" style=\"direction:ltr;text-indent:-18pt;line-height:15.6pt;unicode-bidi:embed;text-align:left;margin:0 0 10pt 36pt;\"><span style=\"font-size:14pt;\" lang=\"FR\"><span>9.<span style=\"font:7pt;\">   <\/span><\/span><\/span><span style=\"font-size:14pt;\" lang=\"FR\">Le nombre de visiteurs sur mon<span>  <\/span>site www.ashrfmshrf.com pendant<span>  <\/span>une ann\u00e9e a d\u00e9pass\u00e9 les trente cinq mille<span>  <\/span>visiteurs.<\/span><\/p>\n<p class=\"MsoNormal\" style=\"direction:ltr;text-indent:-18pt;line-height:15.6pt;unicode-bidi:embed;text-align:left;margin:0 0 10pt 36pt;\"><span style=\"font-size:14pt;\" lang=\"FR\"><span>10.<span style=\"font:7pt;\">               <\/span><\/span><\/span><span style=\"font-size:14pt;\" lang=\"FR\">Un membre actif du Forum des avocats arabes.<\/span><\/p>\n<p class=\"MsoNormal\" style=\"direction:ltr;text-indent:-18pt;line-height:normal;unicode-bidi:embed;text-align:left;margin:0 0 10pt 36pt;\"><span style=\"font-size:14pt;\" lang=\"FR\"><span>11.<span style=\"font:7pt;\">               <\/span><\/span><\/span><span style=\"font-size:14pt;\" lang=\"FR\">J\u2019ai<span>  <\/span>beaucoup de partenariats juridique et de r\u00e9ponse<span>  <\/span>\u00e0 un bon nombre de conseils juridiques \u00e0 travers le forum<\/span><\/p>\n<p class=\"MsoNormal\" style=\"direction:ltr;text-indent:-18pt;unicode-bidi:embed;text-align:left;margin:0 0 10pt 36pt;\"><span style=\"font-size:14pt;line-height:115%;\" lang=\"FR\"><span>12.<span style=\"font:7pt;\">               <\/span><\/span><\/span><span style=\"font-size:14pt;line-height:115%;\" lang=\"FR\">J\u2019ai de nombreux \u00e9crits juridiques dont certains imprim\u00e9s et d\u2019autres sont encore en cours d&#8217;impression<\/span><\/p>\n<p class=\"MsoNormal\" style=\"direction:ltr;text-indent:-18pt;line-height:15.6pt;unicode-bidi:embed;text-align:left;margin:0 0 10pt 36pt;\"><span style=\"font-size:14pt;\" lang=\"FR\"><span>13.<span style=\"font:7pt;\">               <\/span><\/span><\/span><span style=\"font-size:14pt;\" lang=\"FR\">Participation \u00e0 la modification de la loi \u00e9gyptienne, qui s&#8217;est tenue \u00e0 la presse sur Syndication 31\/5\/2007 au poste de Rapporteur de la Commission des droits de l&#8217;homme et les devoirs d\u2019avocats <\/span><\/p>\n<p class=\"MsoNormal\" style=\"text-align:left;margin:0 0 10pt;\" dir=\"rtl\" align=\"right\"><strong><span style=\"text-decoration:underline;\"><span style=\"font-size:14pt;color:#003366;line-height:115%;\">Liste<span>  <\/span>des livres \u00e9crits <\/span><\/span><\/strong><strong><span style=\"text-decoration:underline;\"><\/span><\/strong><\/p>\n<p class=\"MsoNormal\" style=\"direction:ltr;text-indent:-18pt;line-height:15.6pt;unicode-bidi:embed;text-align:left;margin:0 0 10pt 36pt;\"><span style=\"font-size:14pt;\" lang=\"FR\"><span>1.<span style=\"font:7pt;\">     <\/span><\/span><\/span><span style=\"font-size:14pt;\" lang=\"FR\">Explication validit\u00e9 du contrat en justice \u00e0 la lumi\u00e8re de la doctrine et la jurisprudence<\/span><\/p>\n<p class=\"MsoNormal\" style=\"direction:ltr;text-indent:-18pt;unicode-bidi:embed;text-align:left;margin:0 0 10pt 36pt;\"><span style=\"font-size:14pt;line-height:115%;\" lang=\"FR\"><span>2.<span style=\"font:7pt;\">     <\/span><\/span><\/span><span style=\"font-size:14pt;line-height:115%;\" lang=\"FR\">Khula<span>  <\/span>sa<span>  <\/span>l\u00e9gitimit\u00e9 conform\u00e9ment aux dispositions de la loi de la chari3a islamique en \u00c9gypte<\/span><\/p>\n<p class=\"MsoNormal\" style=\"direction:ltr;text-indent:-18pt;unicode-bidi:embed;text-align:left;margin:0 0 10pt 36pt;\"><span style=\"font-size:14pt;line-height:115%;\" lang=\"FR\"><span>3.<span style=\"font:7pt;\">     <\/span><\/span><\/span><span style=\"font-size:14pt;line-height:115%;\" lang=\"FR\">Le mariage coutumier EL OURFI en <\/span><span style=\"font-size:14pt;line-height:115%;\" lang=\"FR\">Islam et juridiquement<\/span><\/p>\n<p class=\"MsoNormal\" style=\"direction:ltr;text-indent:-18pt;unicode-bidi:embed;text-align:left;margin:0 0 10pt 36pt;\"><span style=\"font-size:14pt;line-height:115%;\" lang=\"FR\"><span>4.<span style=\"font:7pt;\">     <\/span><\/span><\/span><span style=\"font-size:14pt;line-height:115%;\" lang=\"FR\">Les droits de l&#8217;accus\u00e9 devant<span>  <\/span>le minist\u00e8re public<\/span><\/p>\n<p class=\"MsoNormal\" style=\"direction:ltr;text-indent:-18pt;line-height:15.6pt;unicode-bidi:embed;text-align:left;margin:0 0 10pt 36pt;\"><span style=\"font-size:14pt;\" lang=\"FR\"><span>5.<span style=\"font:7pt;\">     <\/span><\/span><\/span><span style=\"font-size:14pt;\" lang=\"FR\">Commentaire sur la nouvelle loi sur le statut personnel.<\/span><\/p>\n<p class=\"MsoNormal\" style=\"direction:ltr;text-indent:-18pt;line-height:15.6pt;unicode-bidi:embed;text-align:left;margin:0 0 10pt 36pt;\"><span style=\"font-size:14pt;color:#808080;\"><span>6.<span style=\"font:7pt;\">     <\/span><\/span><\/span><span style=\"font-size:14pt;\" lang=\"FR\">Proc\u00e9dures et formules de l&#8217;\u00e9tat d&#8217;argent<span style=\"color:#808080;\">.<\/span><\/span><\/p>\n<div><strong><span style=\"text-decoration:underline;\"><\/p>\n<div><\/div>\n<p><\/span><\/strong><\/div>\n<p><strong><span style=\"text-decoration:underline;\"><span style=\"font-size:14pt;\" lang=\"FR\"><\/p>\n<p class=\"MsoNormal\" style=\"direction:ltr;line-height:15.6pt;unicode-bidi:embed;text-align:left;margin:0 0 10pt;\"><strong><span style=\"text-decoration:underline;\"><span style=\"font-size:14pt;color:#000080;\">Certains dialogues de presses men\u00e9es avec moi<\/span><\/span><\/strong><\/p>\n<p><\/span><\/span><\/strong><\/p>\n<p align=\"right\"><span dir=\"ltr\"><img loading=\"lazy\" decoding=\"async\" src=\"http:\/\/farm3.static.flickr.com\/2331\/1806207642_ee47fe9d32_m.jpg\" border=\"0\" alt=\"\" width=\"240\" height=\"180\" \/><\/span><\/p>\n<p align=\"right\"><span dir=\"ltr\"><img loading=\"lazy\" decoding=\"async\" src=\"http:\/\/farm3.static.flickr.com\/2395\/1806202966_25f249783f_m.jpg\" border=\"0\" alt=\"\" width=\"176\" height=\"240\" \/><\/span><\/p>\n<p align=\"right\"><span dir=\"ltr\"><img loading=\"lazy\" decoding=\"async\" src=\"http:\/\/farm3.static.flickr.com\/2200\/1806204246_70747e74a7_m.jpg\" border=\"0\" alt=\"\" width=\"175\" height=\"240\" \/><\/span><\/p>\n<div><strong><span style=\"text-decoration:underline;\"><\/p>\n<div><\/div>\n<p><\/span><\/strong><\/div>\n<p><strong><span style=\"text-decoration:underline;\"><span style=\"font-size:14pt;\" lang=\"FR\"><\/p>\n<p class=\"MsoNormal\" style=\"direction:ltr;line-height:15.6pt;unicode-bidi:embed;text-align:left;margin:0 0 10pt;\"><strong><span style=\"text-decoration:underline;\"><span style=\"font-size:14pt;color:#000080;\">Un<span>  <\/span>m\u00e9lange de certains articles publi\u00e9s<span>  <\/span>en<span>  <\/span>journaux \u00e9gyptiens<\/span><\/span><\/strong><\/p>\n<p><\/span><\/span><\/strong><\/p>\n<p class=\"MsoNormal\" style=\"margin:0;\" dir=\"rtl\" align=\"right\"><strong><span style=\"font-size:14pt;font-family:'PT Bold Heading';\"><br \/>\n<\/span><\/strong><\/p>\n<p class=\"MsoNormal\" style=\"margin:0;\" dir=\"rtl\" align=\"right\"><strong><\/strong><\/p>\n<p class=\"MsoNormal\" style=\"margin:0;\" dir=\"rtl\" align=\"right\"><strong><\/strong><\/p>\n<p class=\"MsoNormal\" style=\"margin:0;\" dir=\"rtl\" align=\"right\"><strong><\/strong><\/p>\n<p class=\"MsoNormal\" style=\"margin:0;\" dir=\"rtl\" align=\"right\"><strong><\/strong><\/p>\n<p class=\"MsoNormal\" style=\"margin:0;\" dir=\"rtl\" align=\"right\"><strong><\/strong><\/p>\n<p class=\"MsoNormal\" style=\"margin:0;\" dir=\"rtl\" align=\"right\"><strong><\/strong><\/p>\n<p class=\"MsoNormal\" style=\"margin:0;\" dir=\"rtl\" align=\"right\"><strong><span style=\"font-size:14pt;font-family:'PT Bold Heading';\"><img loading=\"lazy\" decoding=\"async\" src=\"http:\/\/farm3.static.flickr.com\/2093\/1809374084_16056fb891_m.jpg\" border=\"0\" alt=\"\" width=\"97\" height=\"240\" \/><\/span><\/strong><\/p>\n<p class=\"MsoNormal\" style=\"margin:0;\" dir=\"rtl\" align=\"right\"><strong><\/strong><\/p>\n<p class=\"MsoNormal\" style=\"margin:0;\" dir=\"rtl\" align=\"right\"><strong><\/strong><\/p>\n<p align=\"right\"><strong><span style=\"font-size:14pt;font-family:'PT Bold Heading';\"><img loading=\"lazy\" decoding=\"async\" src=\"http:\/\/farm3.static.flickr.com\/2292\/1808564669_1bd21915fb_m.jpg\" border=\"0\" alt=\"\" width=\"240\" height=\"210\" align=\"right\" \/><\/span><\/strong><strong><span style=\"font-size:14pt;font-family:'PT Bold Heading';\"> <\/span><\/strong><strong><\/strong><strong><\/strong><strong><\/strong><strong><\/strong><strong><\/strong><\/p>\n<p align=\"right\"><strong><\/strong><\/p>\n<p align=\"right\"><strong><\/strong><\/p>\n<p align=\"right\"><strong><\/strong><\/p>\n<p align=\"right\"><strong><\/strong><\/p>\n<p align=\"right\"><strong><\/strong><strong><\/strong><\/p>\n<p align=\"right\"><strong><\/strong><\/p>\n<p align=\"right\"><strong><\/strong><\/p>\n<p align=\"right\"><strong><\/strong><\/p>\n<p align=\"right\"><strong><\/strong><\/p>\n<p align=\"right\"><strong><\/strong><\/p>\n<p align=\"right\"><strong><\/strong><\/p>\n<p align=\"right\"><strong><\/strong><strong><span style=\"font-size:14pt;font-family:'PT Bold Heading';\"><span style=\"font-size:14pt;font-family:'PT Bold Heading';\"><img loading=\"lazy\" decoding=\"async\" src=\"http:\/\/farm3.static.flickr.com\/2228\/1808601959_54adf57973_m.jpg\" border=\"0\" alt=\"\" width=\"240\" height=\"170\" align=\"right\" \/><\/span> <\/span><\/strong><\/p>\n<p align=\"right\"><strong><\/strong><\/p>\n<p align=\"right\"><strong><\/strong><\/p>\n<p align=\"right\"><strong><\/strong><\/p>\n<p align=\"right\"><strong><\/strong><\/p>\n<p align=\"right\"><strong><\/strong><\/p>\n<p align=\"right\">\n<p align=\"right\"><span style=\"font-family:'Mudir MT';\"><span style=\"font-size:14pt;font-family:'PT Bold Heading';\"><span style=\"font-size:14pt;font-family:'PT Bold Heading';\"><img loading=\"lazy\" decoding=\"async\" src=\"http:\/\/farm3.static.flickr.com\/2030\/1808539283_3317872f74_m.jpg\" border=\"0\" alt=\"\" width=\"240\" height=\"132\" align=\"right\" \/><\/span><\/span><\/span><\/p>\n<p align=\"right\">\n<p align=\"right\"><img loading=\"lazy\" decoding=\"async\" src=\"http:\/\/farm3.static.flickr.com\/2372\/1809362534_103bf54df0_m.jpg\" border=\"0\" alt=\"\" width=\"61\" height=\"240\" \/><\/p>\n<p align=\"right\">\n<p align=\"right\"><img loading=\"lazy\" decoding=\"async\" src=\"http:\/\/farm3.static.flickr.com\/2314\/1808509077_25f5fcd966_m.jpg\" border=\"0\" alt=\"\" width=\"56\" height=\"240\" \/><\/p>\n<div><strong><\/strong><\/div>\n<p><strong><span style=\"font-size:14pt;\" lang=\"FR\"><\/p>\n<p class=\"MsoNormal\" style=\"direction:ltr;line-height:15.6pt;unicode-bidi:embed;text-align:left;margin:0 0 10pt;\"><strong><span style=\"font-size:14pt;color:#000080;\">Les Images<span>  <\/span>de la conf\u00e9rence tenue sur le sujet de la loi modifi\u00e9e sur la profession d&#8217;avocat dans lequel l&#8217;Egypte en tant que Rapporteur de la Commission<span>  <\/span>des<span>  <\/span>devoirs et les droits des avocats<\/span><\/strong><\/p>\n<p><\/span><\/strong><\/p>\n<p align=\"right\">\n<p align=\"right\"><img loading=\"lazy\" decoding=\"async\" src=\"http:\/\/farm3.static.flickr.com\/2357\/1498725117_2ab91a995c_m.jpg\" border=\"0\" alt=\"\" width=\"240\" height=\"180\" \/><\/p>\n<div><strong><\/strong><\/div>\n<p><strong><span style=\"font-size:14pt;line-height:115%;\" lang=\"FR\"><\/p>\n<p class=\"MsoNormal\" style=\"direction:ltr;line-height:15.6pt;unicode-bidi:embed;text-align:left;margin:0 0 10pt;\"><strong><span style=\"font-size:14pt;color:#000080;\">Avec M. le<span>  <\/span>pr\u00e9sidents des b\u00e2tonnier<span>  <\/span>avocats d\u2019\u00c9gypte au cours de la modification de la<span>  <\/span>loi sur la profession d&#8217;avocat<\/span><\/strong><\/p>\n<p><\/span><\/strong><\/p>\n<p align=\"right\">\n<p align=\"right\"><img loading=\"lazy\" decoding=\"async\" src=\"http:\/\/farm3.static.flickr.com\/2392\/1498724765_673986d2b1_m.jpg\" border=\"0\" alt=\"\" width=\"240\" height=\"180\" \/><\/p>\n<p align=\"right\">\n<p align=\"right\"><img loading=\"lazy\" decoding=\"async\" src=\"http:\/\/farm3.static.flickr.com\/2235\/1499583740_eb3677628a_m.jpg\" border=\"0\" alt=\"\" width=\"240\" height=\"180\" \/><\/p>\n<p class=\"MsoNormal\" style=\"text-align:left;\" dir=\"rtl\" align=\"right\">\n<div class=\"MsoNormal\" style=\"text-align:left;\" dir=\"rtl\"><strong><span style=\"text-decoration:underline;\"><\/p>\n<div class=\"MsoNormal\" style=\"text-align:left;\" dir=\"rtl\"><\/div>\n<p><\/span><\/strong><\/div>\n<p><strong><span style=\"text-decoration:underline;\"><span style=\"font-size:14pt;line-height:115%;\" dir=\"ltr\" lang=\"FR\"><\/p>\n<p class=\"MsoNormal\" style=\"text-align:left;margin:0 0 10pt;\" dir=\"rtl\" align=\"right\"><strong><span style=\"text-decoration:underline;\"><span style=\"font-size:14pt;color:#000080;line-height:115%;\">Quelques<span>  <\/span>certificats d\u2019appr\u00e9ciations obtenues<\/span><\/span><\/strong><span style=\"text-decoration:underline;\"><\/span><\/p>\n<p class=\"MsoNormal\" style=\"text-align:left;\" dir=\"rtl\" align=\"right\">\n<p><span style=\"font-size:14pt;font-family:'PT Bold Heading';\"><img loading=\"lazy\" decoding=\"async\" src=\"http:\/\/farm3.static.flickr.com\/2223\/1809324296_18659901b9_m.jpg\" border=\"0\" alt=\"\" width=\"240\" height=\"171\" \/><\/span><\/p>\n<p><\/span><\/span><\/strong><\/p>\n<p align=\"right\">\n<p align=\"right\"><span style=\"font-size:14pt;font-family:'PT Bold Heading';\"><img loading=\"lazy\" decoding=\"async\" src=\"http:\/\/farm3.static.flickr.com\/2390\/1809329396_89720b192d_m.jpg\" border=\"0\" alt=\"\" width=\"240\" height=\"172\" \/><\/span><\/p>\n<p align=\"right\">\n<p align=\"right\"><span style=\"font-size:14pt;font-family:'PT Bold Heading';\"><img loading=\"lazy\" decoding=\"async\" src=\"http:\/\/farm3.static.flickr.com\/2097\/1809346036_98ec304bcd_m.jpg\" border=\"0\" alt=\"\" width=\"240\" height=\"174\" \/><\/span><\/p>\n<p align=\"right\">\n<p align=\"right\">\n<p align=\"right\">\n<p align=\"right\">\n<p align=\"right\">\n<p align=\"right\">\n<p class=\"MsoNormal\" style=\"margin:0;\" dir=\"rtl\" align=\"right\">\n<p align=\"right\">\n<p>\u0627\u0634\u0631\u0641 \u0645\u0634\u0631\u0641 \u0627\u0644\u0645\u062d\u0627\u0645\u064a\/ 00201118850506 \/ 00201004624392 \/00201224321055 \/ <a href=\"mailto:ashrf_mshrf@hotmail.com\">ashrf_mshrf@hotmail.com<\/a> \/\u0645\u0635\u0631 \/ <a href=\"http:\/\/www.ashrfmshrf.com\/\">www.ashrfmshrf.com<\/a> \/ \u0648\u0644\u0644\u0647 \u0627\u0644\u0623\u0645\u0631 \u0645\u0646 \u0642\u0628\u0644 \u0648\u0645\u0646 \u0628\u0639\u062f<\/p>\n","protected":false},"excerpt":{"rendered":"<p>1. Avocat chevronn\u00e9 et agr\u00e9er depuis 1991 2. Membre du barreau \u00e9gyptien 3. Membre de la F\u00e9d\u00e9ration des avocats arabes 4. Une ma\u00eetrise total de l\u2019outil d\u2019informatique traite pleinement avec tous les logiciels professionnels tels que les diff\u00e9rents syst\u00e8mes d\u2019exploitation Windows et Linux en toutes leurs publications ; tout les programme Office comme WinWord , &hellip; <a href=\"https:\/\/mshrf.com\/mohamy\/biographie\/\" class=\"more-link\">\u0645\u062a\u0627\u0628\u0639\u0629 \u0642\u0631\u0627\u0621\u0629<span class=\"screen-reader-text\"> &#8220;Biographie&#8221;<\/span><\/a><\/p>\n","protected":false},"author":1,"featured_media":0,"parent":0,"menu_order":0,"comment_status":"open","ping_status":"open","template":"","meta":{"footnotes":""},"class_list":["post-27","page","type-page","status-publish","hentry"],"jetpack_sharing_enabled":true,"_links":{"self":[{"href":"https:\/\/mshrf.com\/mohamy\/wp-json\/wp\/v2\/pages\/27","targetHints":{"allow":["GET"]}}],"collection":[{"href":"https:\/\/mshrf.com\/mohamy\/wp-json\/wp\/v2\/pages"}],"about":[{"href":"https:\/\/mshrf.com\/mohamy\/wp-json\/wp\/v2\/types\/page"}],"author":[{"embeddable":true,"href":"https:\/\/mshrf.com\/mohamy\/wp-json\/wp\/v2\/users\/1"}],"replies":[{"embeddable":true,"href":"https:\/\/mshrf.com\/mohamy\/wp-json\/wp\/v2\/comments?post=27"}],"version-history":[{"count":0,"href":"https:\/\/mshrf.com\/mohamy\/wp-json\/wp\/v2\/pages\/27\/revisions"}],"wp:attachment":[{"href":"https:\/\/mshrf.com\/mohamy\/wp-json\/wp\/v2\/media?parent=27"}],"curies":[{"name":"wp","href":"https:\/\/api.w.org\/{rel}","templated":true}]}}